{"id":39,"date":"2019-12-05T20:44:29","date_gmt":"2019-12-05T19:44:29","guid":{"rendered":"http:\/\/coc.micro-royat.com\/?page_id=39"},"modified":"2025-12-03T14:52:43","modified_gmt":"2025-12-03T13:52:43","slug":"inscriptions","status":"publish","type":"page","link":"https:\/\/coc63.fr\/?page_id=39","title":{"rendered":"Inscriptions"},"content":{"rendered":"\n<figure class=\"wp-block-gallery has-nested-images columns-default is-cropped wp-block-gallery-1 is-layout-flex wp-block-gallery-is-layout-flex\">\n<figure class=\"wp-block-image size-large\"><img loading=\"lazy\" decoding=\"async\" width=\"1024\" height=\"544\" data-id=\"386\" src=\"http:\/\/coc.micro-royat.com\/wp-content\/uploads\/2020\/01\/Affiche-FFC-1024x544.png\" alt=\"\" class=\"wp-image-386\" srcset=\"https:\/\/coc63.fr\/wp-content\/uploads\/2020\/01\/Affiche-FFC-1024x544.png 1024w, https:\/\/coc63.fr\/wp-content\/uploads\/2020\/01\/Affiche-FFC-300x159.png 300w, https:\/\/coc63.fr\/wp-content\/uploads\/2020\/01\/Affiche-FFC-768x408.png 768w, https:\/\/coc63.fr\/wp-content\/uploads\/2020\/01\/Affiche-FFC.png 1316w\" sizes=\"auto, (max-width: 1024px) 100vw, 1024px\" \/><\/figure>\n<\/figure>\n\n\n\n<h3 class=\"wp-block-heading\">Adh\u00e9rent \u00e0 la F\u00e9d\u00e9ration Fran\u00e7aise de Cyclotourisme.<\/h3>\n\n\n\n<h3 class=\"wp-block-heading\">Licence Annuelle ( par ann\u00e9e civile).<\/h3>\n\n\n\n<h2 class=\"wp-block-heading\"><strong><span><i>Renouvellement et prise de licence lors de L&rsquo;assembl\u00e9e G\u00e9n\u00e9rale du 24 janvier 2026 \u00e0 partir de 10h30 \u00e0 la salle Paul ROUMEAS de la maison des Associations 11,13 rue de la <\/i><\/span><i>saul\u00e9e<\/i><\/strong> 63400 CHAMALIERES<\/h2>\n\n\n\n<h4 class=\"wp-block-heading\">Possibilit\u00e9 de prendre sa premi\u00e8re licence \u00e0 partir de septembre pour 16 mois.<\/h4>\n\n\n\n<div data-wp-interactive=\"core\/file\" class=\"wp-block-file\"><object data-wp-bind--hidden=\"!state.hasPdfPreview\" hidden class=\"wp-block-file__embed\" data=\"https:\/\/coc63.fr\/wp-content\/uploads\/2025\/12\/Bulletin-dinscription-pour-licence-2026.pdf\" type=\"application\/pdf\" style=\"width:100%;height:600px\" aria-label=\"Contenu embarqu\u00e9 Bulletin d&apos;inscription pour licence 2026.\"><\/object><a id=\"wp-block-file--media-6c9a0337-5596-48d3-924e-a81c9491b0df\" href=\"https:\/\/coc63.fr\/wp-content\/uploads\/2025\/12\/Bulletin-dinscription-pour-licence-2026.pdf\">Bulletin d&rsquo;inscription pour licence 2026<\/a><a href=\"https:\/\/coc63.fr\/wp-content\/uploads\/2025\/12\/Bulletin-dinscription-pour-licence-2026.pdf\" class=\"wp-block-file__button wp-element-button\" download aria-describedby=\"wp-block-file--media-6c9a0337-5596-48d3-924e-a81c9491b0df\">T\u00e9l\u00e9charger<\/a><\/div>\n\n\n\n<div class=\"wp-block-file\"><a id=\"wp-block-file--media-29d298ac-050a-49ad-8b9d-152473d81fee\" href=\"https:\/\/coc63.fr\/wp-content\/uploads\/2025\/12\/Tarif-licence-2026.pdf\">Tarif licence 2026<\/a><a href=\"https:\/\/coc63.fr\/wp-content\/uploads\/2025\/12\/Tarif-licence-2026.pdf\" class=\"wp-block-file__button wp-element-button\" download aria-describedby=\"wp-block-file--media-29d298ac-050a-49ad-8b9d-152473d81fee\">T\u00e9l\u00e9charger<\/a><\/div>\n\n\n\n<div class=\"wp-block-file\"><a id=\"wp-block-file--media-7a157c35-7a48-4944-869c-ae8c510b1d4a\" href=\"https:\/\/coc63.fr\/wp-content\/uploads\/2025\/12\/QUESTIONNAIRE-SANTE-2026.pdf\">QUESTIONNAIRE SANTE-2026<\/a><a href=\"https:\/\/coc63.fr\/wp-content\/uploads\/2025\/12\/QUESTIONNAIRE-SANTE-2026.pdf\" class=\"wp-block-file__button wp-element-button\" download aria-describedby=\"wp-block-file--media-7a157c35-7a48-4944-869c-ae8c510b1d4a\">T\u00e9l\u00e9charger<\/a><\/div>\n\n\n\n<div class=\"wp-block-group\"><div class=\"wp-block-group__inner-container is-layout-flow wp-block-group-is-layout-flow\">\n<div class=\"wp-block-file\"><a id=\"wp-block-file--media-47972755-d794-4cb9-b520-68ab4cd2c579\" href=\"https:\/\/coc63.fr\/wp-content\/uploads\/2025\/12\/NOTICE-DINFORMATION-LICENCE-FFVELO-2026-2.pdf\">NOTICE-DINFORMATION-LICENCE-FFVELO-2026&#8211;2<\/a><a href=\"https:\/\/coc63.fr\/wp-content\/uploads\/2025\/12\/NOTICE-DINFORMATION-LICENCE-FFVELO-2026-2.pdf\" class=\"wp-block-file__button wp-element-button\" download aria-describedby=\"wp-block-file--media-47972755-d794-4cb9-b520-68ab4cd2c579\">T\u00e9l\u00e9charger<\/a><\/div>\n<\/div><\/div>\n\n\n\n<div class=\"wp-block-file\"><a id=\"wp-block-file--media-e1527d86-d534-46c0-b962-31a9dc64919a\" href=\"https:\/\/coc63.fr\/wp-content\/uploads\/2023\/12\/RIB-COC-2023.PDF.pdf\">RIB-COC-2023.PDF<\/a><a href=\"https:\/\/coc63.fr\/wp-content\/uploads\/2023\/12\/RIB-COC-2023.PDF.pdf\" class=\"wp-block-file__button wp-element-button\" download aria-describedby=\"wp-block-file--media-e1527d86-d534-46c0-b962-31a9dc64919a\">T\u00e9l\u00e9charger<\/a><\/div>\n\n\n\n<p><\/p>\n","protected":false},"excerpt":{"rendered":"<p>Adh\u00e9rent \u00e0 la F\u00e9d\u00e9ration Fran\u00e7aise de Cyclotourisme. Licence Annuelle ( par ann\u00e9e civile). Renouvellement et prise de licence lors de L&rsquo;assembl\u00e9e G\u00e9n\u00e9rale du 24 janvier 2026 \u00e0 partir de 10h30 \u00e0 la salle Paul ROUMEAS de la maison des Associations 11,13 rue de la saul\u00e9e 63400 CHAMALIERES Possibilit\u00e9 de prendre sa premi\u00e8re licence \u00e0 partir<\/p><\/div>\n<div class=\"blog-btn\"><a href=\"https:\/\/coc63.fr\/?page_id=39\" class=\"home-blog-btn\">Lire la suite<\/a><\/p>\n","protected":false},"author":1,"featured_media":0,"parent":0,"menu_order":0,"comment_status":"closed","ping_status":"closed","template":"","meta":{"footnotes":""},"class_list":["post-39","page","type-page","status-publish","hentry"],"_links":{"self":[{"href":"https:\/\/coc63.fr\/index.php?rest_route=\/wp\/v2\/pages\/39","targetHints":{"allow":["GET"]}}],"collection":[{"href":"https:\/\/coc63.fr\/index.php?rest_route=\/wp\/v2\/pages"}],"about":[{"href":"https:\/\/coc63.fr\/index.php?rest_route=\/wp\/v2\/types\/page"}],"author":[{"embeddable":true,"href":"https:\/\/coc63.fr\/index.php?rest_route=\/wp\/v2\/users\/1"}],"replies":[{"embeddable":true,"href":"https:\/\/coc63.fr\/index.php?rest_route=%2Fwp%2Fv2%2Fcomments&post=39"}],"version-history":[{"count":44,"href":"https:\/\/coc63.fr\/index.php?rest_route=\/wp\/v2\/pages\/39\/revisions"}],"predecessor-version":[{"id":4009,"href":"https:\/\/coc63.fr\/index.php?rest_route=\/wp\/v2\/pages\/39\/revisions\/4009"}],"wp:attachment":[{"href":"https:\/\/coc63.fr\/index.php?rest_route=%2Fwp%2Fv2%2Fmedia&parent=39"}],"curies":[{"name":"wp","href":"https:\/\/api.w.org\/{rel}","templated":true}]}}