{"id":37,"date":"2019-12-05T20:44:10","date_gmt":"2019-12-05T19:44:10","guid":{"rendered":"http:\/\/coc.micro-royat.com\/?page_id=37"},"modified":"2023-11-30T14:17:25","modified_gmt":"2023-11-30T13:17:25","slug":"contacts","status":"publish","type":"page","link":"https:\/\/coc63.fr\/?page_id=37","title":{"rendered":"Contacts"},"content":{"rendered":"\n<h2 class=\"wp-block-heading\">R\u00e9union tous les 1er mardis de chaque mois<\/h2>\n\n\n\n<p> \u00e0 la maison des associations 11-13 rue des Saul\u00e9es 63400 CHAMALIERES.<\/p>\n\n\n\n<p><strong>Automne-Hiver \u00e0 18 heures <\/strong><\/p>\n\n\n\n<p><strong>Printemps &#8211; Et\u00e9 \u00e0 18h30<\/strong><\/p>\n\n\n\n<p><a href=\"mailto:contact@coc63.fr\">contact@coc63.fr<\/a><\/p>\n\n\n\n<div class=\"wp-block-group\"><div class=\"wp-block-group__inner-container is-layout-constrained wp-block-group-is-layout-constrained\">\n<div class=\"wp-block-columns is-layout-flex wp-container-core-columns-is-layout-9d6595d7 wp-block-columns-is-layout-flex\">\n<div class=\"wp-block-column is-layout-flow wp-block-column-is-layout-flow\" style=\"flex-basis:66.66%\">\n<h2 class=\"wp-block-heading has-large-font-size\">Pr\u00e9sident: <\/h2>\n\n\n\n<p class=\"has-text-align-left\">Jean Jacques PORTIER<\/p>\n\n\n\n<p class=\"has-text-align-left\">T\u00e9l : 06 86 40 56 13<\/p>\n<\/div>\n\n\n\n<div class=\"wp-block-column is-layout-flow wp-block-column-is-layout-flow\" style=\"flex-basis:33.33%\">\n<figure class=\"wp-block-gallery has-nested-images columns-default is-cropped wp-block-gallery-1 is-layout-flex wp-block-gallery-is-layout-flex\">\n<figure class=\"wp-block-image size-full is-style-rounded\"><img loading=\"lazy\" decoding=\"async\" width=\"70\" height=\"100\" data-id=\"2957\" src=\"https:\/\/coc63.fr\/wp-content\/uploads\/2023\/11\/PORTIER-Jean-Jacques.jpg\" alt=\"\" class=\"wp-image-2957\"\/><\/figure>\n<\/figure>\n<\/div>\n<\/div>\n\n\n\n<h2 class=\"wp-block-heading has-large-font-size\"><strong>Vice Pr\u00e9sidente<\/strong><\/h2>\n\n\n\n<p>Catherine CHANTELAUZE<\/p>\n<\/div><\/div>\n\n\n\n<div class=\"wp-block-columns is-layout-flex wp-container-core-columns-is-layout-9d6595d7 wp-block-columns-is-layout-flex\">\n<div class=\"wp-block-column is-layout-flow wp-block-column-is-layout-flow\" style=\"flex-basis:66.66%\">\n<h2 class=\"wp-block-heading has-large-font-size\">Secr\u00e9taire:<\/h2>\n\n\n\n<p>Jacques BREUX<\/p>\n\n\n\n<p><\/p>\n<\/div>\n\n\n\n<div class=\"wp-block-column is-layout-flow wp-block-column-is-layout-flow\" style=\"flex-basis:33.33%\">\n<figure class=\"wp-block-gallery has-nested-images columns-default is-cropped wp-block-gallery-2 is-layout-flex wp-block-gallery-is-layout-flex\">\n<figure class=\"wp-block-image size-full is-style-rounded\"><img loading=\"lazy\" decoding=\"async\" width=\"85\" height=\"100\" data-id=\"2925\" src=\"https:\/\/coc63.fr\/wp-content\/uploads\/2023\/11\/BREUX-Jacques.jpg\" alt=\"\" class=\"wp-image-2925\"\/><\/figure>\n<\/figure>\n<\/div>\n<\/div>\n\n\n\n<div class=\"wp-block-columns is-layout-flex wp-container-core-columns-is-layout-9d6595d7 wp-block-columns-is-layout-flex\">\n<div class=\"wp-block-column is-vertically-aligned-center is-layout-flow wp-block-column-is-layout-flow\" style=\"flex-basis:100%\">\n<h2 class=\"wp-block-heading\">Secr\u00e9taire Adjoint<\/h2>\n<\/div>\n<\/div>\n\n\n\n<p>Serge LAFAYE<\/p>\n\n\n\n<p><\/p>\n\n\n\n<div class=\"wp-block-columns is-layout-flex wp-container-core-columns-is-layout-9d6595d7 wp-block-columns-is-layout-flex\">\n<div class=\"wp-block-column is-layout-flow wp-block-column-is-layout-flow\" style=\"flex-basis:66.66%\">\n<h2 class=\"wp-block-heading\">Tr\u00e9sori\u00e8re:<\/h2>\n\n\n\n<p>Marie Joe PORTIER<\/p>\n<\/div>\n\n\n\n<div class=\"wp-block-column is-layout-flow wp-block-column-is-layout-flow\" style=\"flex-basis:33.33%\">\n<figure class=\"wp-block-gallery has-nested-images columns-default is-cropped wp-block-gallery-3 is-layout-flex wp-block-gallery-is-layout-flex\">\n<figure class=\"wp-block-image size-large is-style-rounded\"><img loading=\"lazy\" decoding=\"async\" width=\"682\" height=\"1024\" data-id=\"565\" src=\"https:\/\/coc63.fr\/wp-content\/uploads\/2020\/02\/21022020-_MG_5512-682x1024.jpg\" alt=\"\" class=\"wp-image-565\" srcset=\"https:\/\/coc63.fr\/wp-content\/uploads\/2020\/02\/21022020-_MG_5512-682x1024.jpg 682w, https:\/\/coc63.fr\/wp-content\/uploads\/2020\/02\/21022020-_MG_5512-200x300.jpg 200w, https:\/\/coc63.fr\/wp-content\/uploads\/2020\/02\/21022020-_MG_5512-768x1152.jpg 768w, https:\/\/coc63.fr\/wp-content\/uploads\/2020\/02\/21022020-_MG_5512.jpg 853w\" sizes=\"auto, (max-width: 682px) 100vw, 682px\" \/><\/figure>\n<\/figure>\n<\/div>\n<\/div>\n\n\n\n<h2 class=\"wp-block-heading\">Tr\u00e9sorier Adjoint<\/h2>\n\n\n\n<p>G\u00e9rard GUIOT<\/p>\n\n\n\n<p><\/p>\n\n\n\n<h2 class=\"wp-block-heading\">Administrateur<\/h2>\n\n\n\n<p>Martine HENAULT VALLI Responsable des Voyages<\/p>\n\n\n\n<h2 class=\"wp-block-heading\">Administrateur <\/h2>\n\n\n\n<p>Jeanine VINCENT, Responsable des V\u00eatements<\/p>\n\n\n\n<h2 class=\"wp-block-heading\">Administrateur<\/h2>\n\n\n\n<p>Roland LECHENET, Monsieur S\u00e9curit\u00e9<\/p>\n\n\n\n<div class=\"wp-block-group\"><div class=\"wp-block-group__inner-container is-layout-flow wp-block-group-is-layout-flow\">\n<div class=\"wp-block-group\"><div class=\"wp-block-group__inner-container is-layout-flow wp-block-group-is-layout-flow\"><\/div><\/div>\n<\/div><\/div>\n\n\n\n<p><\/p>\n","protected":false},"excerpt":{"rendered":"<p>R\u00e9union tous les 1er mardis de chaque mois \u00e0 la maison des associations 11-13 rue des Saul\u00e9es 63400 CHAMALIERES. Automne-Hiver \u00e0 18 heures Printemps &#8211; Et\u00e9 \u00e0 18h30 contact@coc63.fr Pr\u00e9sident: Jean Jacques PORTIER T\u00e9l : 06 86 40 56 13 Vice Pr\u00e9sidente Catherine CHANTELAUZE Secr\u00e9taire: Jacques BREUX Secr\u00e9taire Adjoint Serge LAFAYE Tr\u00e9sori\u00e8re: Marie Joe PORTIER<\/p><\/div>\n<div class=\"blog-btn\"><a href=\"https:\/\/coc63.fr\/?page_id=37\" class=\"home-blog-btn\">Lire la suite<\/a><\/p>\n","protected":false},"author":1,"featured_media":0,"parent":0,"menu_order":0,"comment_status":"closed","ping_status":"closed","template":"","meta":{"footnotes":""},"class_list":["post-37","page","type-page","status-publish","hentry"],"_links":{"self":[{"href":"https:\/\/coc63.fr\/index.php?rest_route=\/wp\/v2\/pages\/37","targetHints":{"allow":["GET"]}}],"collection":[{"href":"https:\/\/coc63.fr\/index.php?rest_route=\/wp\/v2\/pages"}],"about":[{"href":"https:\/\/coc63.fr\/index.php?rest_route=\/wp\/v2\/types\/page"}],"author":[{"embeddable":true,"href":"https:\/\/coc63.fr\/index.php?rest_route=\/wp\/v2\/users\/1"}],"replies":[{"embeddable":true,"href":"https:\/\/coc63.fr\/index.php?rest_route=%2Fwp%2Fv2%2Fcomments&post=37"}],"version-history":[{"count":28,"href":"https:\/\/coc63.fr\/index.php?rest_route=\/wp\/v2\/pages\/37\/revisions"}],"predecessor-version":[{"id":2992,"href":"https:\/\/coc63.fr\/index.php?rest_route=\/wp\/v2\/pages\/37\/revisions\/2992"}],"wp:attachment":[{"href":"https:\/\/coc63.fr\/index.php?rest_route=%2Fwp%2Fv2%2Fmedia&parent=37"}],"curies":[{"name":"wp","href":"https:\/\/api.w.org\/{rel}","templated":true}]}}